{"id":139,"date":"2022-11-10T23:50:06","date_gmt":"2022-11-10T23:50:06","guid":{"rendered":"http:\/\/consultoriavazquez.com\/?page_id=139"},"modified":"2022-11-12T17:18:49","modified_gmt":"2022-11-12T17:18:49","slug":"139-2","status":"publish","type":"page","link":"https:\/\/consultoriavazquez.com\/index.php\/139-2\/","title":{"rendered":"Aviso de Privacidad"},"content":{"rendered":"\t\t<div data-elementor-type=\"wp-page\" data-elementor-id=\"139\" class=\"elementor elementor-139\">\n\t\t\t\t\t\t\t\t\t<section class=\"elementor-section elementor-top-section elementor-element elementor-element-20702e8 elementor-section-boxed elementor-section-height-default elementor-section-height-default\" data-id=\"20702e8\" data-element_type=\"section\">\n\t\t\t\t\t\t<div class=\"elementor-container elementor-column-gap-default\">\n\t\t\t\t\t<div class=\"elementor-column elementor-col-100 elementor-top-column elementor-element elementor-element-d018fce\" data-id=\"d018fce\" data-element_type=\"column\">\n\t\t\t<div class=\"elementor-widget-wrap elementor-element-populated\">\n\t\t\t\t\t\t\t\t<div class=\"elementor-element elementor-element-4acbb7b elementor-widget__width-inherit elementor-widget elementor-widget-heading\" data-id=\"4acbb7b\" data-element_type=\"widget\" data-widget_type=\"heading.default\">\n\t\t\t\t<div class=\"elementor-widget-container\">\n\t\t\t<style>\/*! elementor - v3.8.1 - 13-11-2022 *\/\n.elementor-heading-title{padding:0;margin:0;line-height:1}.elementor-widget-heading .elementor-heading-title[class*=elementor-size-]>a{color:inherit;font-size:inherit;line-height:inherit}.elementor-widget-heading .elementor-heading-title.elementor-size-small{font-size:15px}.elementor-widget-heading .elementor-heading-title.elementor-size-medium{font-size:19px}.elementor-widget-heading .elementor-heading-title.elementor-size-large{font-size:29px}.elementor-widget-heading .elementor-heading-title.elementor-size-xl{font-size:39px}.elementor-widget-heading .elementor-heading-title.elementor-size-xxl{font-size:59px}<\/style><h2 class=\"elementor-heading-title elementor-size-xxl\">AVISO DE PRIVACIDAD<\/h2>\t\t<\/div>\n\t\t\t\t<\/div>\n\t\t\t\t\t<\/div>\n\t\t<\/div>\n\t\t\t\t\t\t\t<\/div>\n\t\t<\/section>\n\t\t\t\t<section class=\"elementor-section elementor-top-section elementor-element elementor-element-5eecbf8 elementor-section-boxed elementor-section-height-default elementor-section-height-default\" data-id=\"5eecbf8\" data-element_type=\"section\">\n\t\t\t\t\t\t<div class=\"elementor-container elementor-column-gap-default\">\n\t\t\t\t\t<div class=\"elementor-column elementor-col-100 elementor-top-column elementor-element elementor-element-f303957\" data-id=\"f303957\" data-element_type=\"column\">\n\t\t\t<div class=\"elementor-widget-wrap elementor-element-populated\">\n\t\t\t\t\t\t\t\t<div class=\"elementor-element elementor-element-f246758 elementor-widget elementor-widget-text-editor\" data-id=\"f246758\" data-element_type=\"widget\" data-widget_type=\"text-editor.default\">\n\t\t\t\t<div class=\"elementor-widget-container\">\n\t\t\t<style>\/*! elementor - v3.8.1 - 13-11-2022 *\/\n.elementor-widget-text-editor.elementor-drop-cap-view-stacked .elementor-drop-cap{background-color:#818a91;color:#fff}.elementor-widget-text-editor.elementor-drop-cap-view-framed .elementor-drop-cap{color:#818a91;border:3px solid;background-color:transparent}.elementor-widget-text-editor:not(.elementor-drop-cap-view-default) .elementor-drop-cap{margin-top:8px}.elementor-widget-text-editor:not(.elementor-drop-cap-view-default) .elementor-drop-cap-letter{width:1em;height:1em}.elementor-widget-text-editor .elementor-drop-cap{float:left;text-align:center;line-height:1;font-size:50px}.elementor-widget-text-editor .elementor-drop-cap-letter{display:inline-block}<\/style>\t\t\t\t<p>La empresa CONSULTORIA VAZQUEZ Y ASOCIADOS S.A.S. (En lo sucesivo, el &#8220;Despacho&#8221;), con domicilio en 39 CP. 3515, piso 5 Col. Las \u00c1nimas, CP 72400, Puebla, M\u00e9xico., en cumplimiento con la Ley Federal de Protecci\u00f3n de Personales en Posesi\u00f3n de Particulares y su Reglamento (en lo sucesivo de manera conjunta, la &#8220;Ley&#8221;), pon disposici\u00f3n el presente Aviso de Privacidad, con la finalidad de que conozca de qu\u00e9 manera se usan, divulgan y almacenan sus datos personales y cualquier informaci\u00f3n que se recabe a trav\u00e9s de distintos medios incluyendo nuestro sitio redes sociales, a efectos de garantizar la privacidad de dicha informaci\u00f3n y el derecho a la autodeterminaci\u00f3n informa las personas. Asimismo, hace de su conocimiento las finalidades por las que el Despacho recaba y trata sus Datos Personales (seg\u00fan dicho termino se define m\u00e1s adelante).<br \/>El Despacho podr\u00e1 recabar cualquiera de los siguientes datos personales: nombre, domicilio, datos de identificaci\u00f3n oficial, accesos de plataformas digitales, archivos de certificados, informaci\u00f3n privada de la empresa, documentaci\u00f3n e informaci\u00f3n fiscal, financiera, administrativa y legal, datos de empleados clientes y proveedores, datos de constituci\u00f3n, informaci\u00f3n patentes, informaci\u00f3n de acciones, entre otros que se puedan obtener de forma presencial, a trav\u00e9s de llamada tel\u00e9fono por nuestro sitio web y redes sociales (en lo sucesivo &#8220;Datos Personales&#8221;), necesarios para los siguientes fines: Calculo impuestos, proyecciones financieras y fiscales, asesor\u00eda financiera, contable, fiscal, legal y notarial, elaboraci\u00f3n documentos, elaboraci\u00f3n de papeles de trabajo, creaci\u00f3n de registros en dependencias, solventar requerimientos, otros relacionados con el \u00e1rea de servicios.<\/p><p><br \/>De conformidad con la Ley, requerimos de su consentimiento expreso para el tratamiento de sus Datos Personales Sensibles,as\u00ed como de car\u00e1cter financiero y patrimonial, salvo por las excepciones que establece la Ley. Si usted manifiesta su consentimiento para el tratamiento de sus Datos Personales sensibles, as\u00ed como de car\u00e1cter financiero y patrimonial, e Despacho se compromete a no tratar estos Datos Personales para finalidades distintas a las establecidas en este Aviso de Privacidad<\/p><p>Le informamos que sus Datos Personales no sar\u00e1n transferidos a ninguna empresa ni dependencia publica sin su previa autorizaci\u00f3n escrita, adicionalmente a esto le informamos que el Despacho tomara todas las medidas necesarias para que estos terceros a los que el Despacho har\u00e1 trasferencia de sus Datos Personales se comprometer\u00e1n en los mismos t\u00e9rminos del presente Aviso de Privacidad y cumplan con las medidas de seguridad y confidencialidad correspondientes.<\/p><p>Usted tiene derecho de acceder a sus Datos Personales que poseemos y a los detalles de su tratamiento, as\u00ed como a rectificarlos en caso de ser inexactos o incompletos, o bien, cancelarlos cuando considere que no se requieren para alguna de las finalidades se\u00f1aladas en el presente Aviso de Privacidad, est\u00e9n siendo utilizados para finalidades no consentidas o haya finalizado la relaci\u00f3n contractual o de servicios, o bien, oponerse al tratamiento de los mismos para fines espec\u00edficos dando cumplimiento a los extremos previstos en los Lineamientos del Aviso de Privacidad publicados en el Diario Oficial de la Federaci\u00f3n el d\u00eda 17 de enero de 2013, le informo del derecho permanente que le asiste para acceder, rectificar, cancelar y oponerse (En lo sucesivo Derechos ARCO) al tratamiento de sus datos personales, as\u00ed como revocar el consentimiento que haya otorgado.<\/p><p>Para la utilizaci\u00f3n y ejercicio de los Derechos ARCO, usted deber\u00e1 presentar la solicitud respectiva, a trav\u00e9s de la siguiente informaci\u00f3n de contacto: tel\u00e9fono (22) 23 60 82 49 o mediante el correo cpisaivazquez@consultoriavazquez.com, con un\u00a0horario de 09.00 a.m. a 4.00 p.m. de lunes a viernes.<\/p><p>La solicitud que presente para el ejercicio de los Derechos ARCO deber\u00e1 indicar su nombre completo, domicilio y correo electr\u00f3nico en el que se desea recibir toda la documentaci\u00f3n relacionada con el tr\u00e1mite, adem\u00e1s de estar acompa\u00f1ada del o los documentos con los que se acredite su identidad o la personalidad de su representante legal. Asimismo, le agradeceremos incluir una descripci\u00f3n clara y precisa de los datos respecto de los que se busca ejercer alguno de los Derechos ARCO y de cualquier otro elemento que nos permita identificar o localizar los Datos Personales en cuesti\u00f3n.<\/p><p>Cuando se trate de &#8220;rectificaci\u00f3n&#8221; de sus Datos Personales, deber\u00e1 indicarnos tambi\u00e9n cual es la modificaci\u00f3n exacta que busca realizar y presentar la documentaci\u00f3n que soporte la petici\u00f3n<\/p><p>Adicionalmente, por su protecci\u00f3n y beneficio, es posible que le solicitemos documentaci\u00f3n adicional que nos permita identificar con plenitud los datos personales que desee acceder, rectificar y\/o cancelar, o aquellos respecto de los cuales usted desee oponerse a su tratamiento. El Despacho procurara que los Datos Personales contenidos en las bases de datos sean pertinentes, correctos y actualizados para los fines para los cuales fueron recabados y cuando hayan dejado de ser necesarios para el cumplimiento de las finalidades previstas, deber\u00e1n ser cancelados. No obstante, lo anterior, es posible que el Despacho no pueda cancelar o bloquear sus Datos Personales de conformidad por lo dispuesto por la Ley.<\/p><p>Una vez recibida su solicitud completa y debidamente integrada, el Despacho le comunicara la respuesta correspondiente en un plazo m\u00e1ximo de 10 d\u00edas h\u00e1biles. Si resultare procedente, dentro de los siguientes 15 d\u00edas h\u00e1biles podr\u00e1 hacer efectivo el derecho solicitado. En caso de que el Despacho deba hacer entrega de documentaci\u00f3n como resultado del derecho ejercido, lo har\u00e1 a trav\u00e9s de copias que le ser\u00e1 enviadas a trav\u00e9s de correo electr\u00f3nico o las pondr\u00e1 a su disposici\u00f3n en el domicilio que al efecto le indique, dentro del plazo antes mencionado, para que usted pueda recogerlas directamente o a trav\u00e9s de<\/p><p>tercer facultado mediante carta poder.<\/p><p>Usted puede en cualquier momento revocar el consentimiento que nos ha otorgado para impedir total o parcialmente el tratamiento de sus Datos Personales, sin embargo, es importante que tenga en cuenta que no en todos los casos podremos atender su solicitud o concluir el uso de forma inmediata, ya que es posible que por alguna obligaci\u00f3n legal el Despacho requiera seguir tratando sus Datos Personales. Asimismo, usted deber\u00e1 considerar que, para ciertos fines, la revocaci\u00f3n de su consentimiento implicar\u00e1 que no le podemos seguir prestando el servicio y\/o atenci\u00f3n solicitada, o la conclusi\u00f3n de su relaci\u00f3n con el Despacho. En caso de que desee revocar su consentimiento al tratamiento de sus datos personales deber\u00e1 presentar su solicitud ante el Despacho acompa\u00f1ada de copia de su identificaci\u00f3n oficial para acreditar que es el titular de los Datos Personales (en su caso, la autorizaci\u00f3n de su representante legal), y se\u00f1alar el correo electr\u00f3nico o domicilio al que se desea recibir la informaci\u00f3n o documentaci\u00f3n relacionada con el servicio que se le est\u00e9 prestando, una descripci\u00f3n clara y precisa de los Datos Personales respecto de los cuales requiere revocar su consentimiento y los datos que nos permitan notificarle la resoluci\u00f3n reca\u00edda a su solicitud. El Despacho le notificara la resoluci\u00f3n correspondiente a su solicitud dentro de los 10 d\u00edas h\u00e1biles siguientes a la presentaci\u00f3n de su solicitud, siempre que esta se encuentre completa y\u00a0debidamente integrada.<\/p><p>El Despacho en ning\u00fan momento usara sus Datos Personales para mandarle publicidad y con el objeto de que usted pueda limitar a\u00fan m\u00e1s el uso y divulgaci\u00f3n de su Informaci\u00f3n Personal, puede inscribirse en el Registro P\u00fablico, que est\u00e1 a cargo de la Procuradur\u00eda Federal del Consumidor (PROFECO), con la finalidad de sus Datos Personales no sean utilizados para recibir publicad o promociones, para m\u00e1s informaci\u00f3n sobre este registro, usted puede consultar el portal de internet de la\u00a0PROFECO o bien comunicarse con el Despacho para recibir asesor\u00eda independiente.<\/p><p>El Despacho, por medio del presente aviso de privacidad, le informa que en su p\u00e1gina de internet y redes sociales est\u00e1 comprometido para mantener su informaci\u00f3n segura debido a que usa los sistemas m\u00e1s avanzados y estos se actualizan y monitorean para que no existan accesos no autorizados. Sin embargo, es preciso mencionar que en sus redes sociales y p\u00e1gina de internet pueden tener v\u00ednculos o enlaces a otros sitios los cuales pueden ser de su inter\u00e9s, y si dichos en laces lo sacan de la p\u00e1gina y redes sociales del Despacho, ya no tiene control sobre el sitio al que es redirigido y por lo tanto el Despacho no es responsable de los t\u00e9rminos y condiciones o privacidad ni de la protecci\u00f3n de sus datos en esos otros sitios ajenos, ya que dichos sitios de terceros est\u00e1n sujetos a sus propias pol\u00edticas de privacidad por lo cual es recomendable que los consulte para confirmar que usted est\u00e1 de acuerdo con estas.<\/p><p>En cualquier momento el Despacho puede hacer modificaciones o actualizaciones al presente Aviso de Privacidad derivadas de nuevos requerimientos legales, de las pol\u00edticas o pr\u00e1cticas de privacidad del Despacho o de sus necesidades derivadas de los productos o servicios que ofrece, o por cualquier otra causa.<\/p><p>El Despacho har\u00e1 de su conocimiento cualquier cambio o actualizaci\u00f3n al presente aviso a trav\u00e9s de mensaje por correo electr\u00f3nico que usted mencione como medio de contacto al inicio de la relaci\u00f3n o bien el que informe como actual.<\/p>\t\t\t\t\t\t<\/div>\n\t\t\t\t<\/div>\n\t\t\t\t\t<\/div>\n\t\t<\/div>\n\t\t\t\t\t\t\t<\/div>\n\t\t<\/section>\n\t\t\t\t<section class=\"elementor-section elementor-top-section elementor-element elementor-element-7ca9104 elementor-section-boxed elementor-section-height-default elementor-section-height-default\" data-id=\"7ca9104\" data-element_type=\"section\">\n\t\t\t\t\t\t<div class=\"elementor-container elementor-column-gap-default\">\n\t\t\t\t\t<div class=\"elementor-column elementor-col-100 elementor-top-column elementor-element elementor-element-c37e725\" data-id=\"c37e725\" data-element_type=\"column\">\n\t\t\t<div class=\"elementor-widget-wrap elementor-element-populated\">\n\t\t\t\t\t\t\t\t<div class=\"elementor-element elementor-element-c8f6f2a elementor-widget elementor-widget-image\" data-id=\"c8f6f2a\" data-element_type=\"widget\" data-widget_type=\"image.default\">\n\t\t\t\t<div class=\"elementor-widget-container\">\n\t\t\t<style>\/*! elementor - v3.8.1 - 13-11-2022 *\/\n.elementor-widget-image{text-align:center}.elementor-widget-image a{display:inline-block}.elementor-widget-image a img[src$=\".svg\"]{width:48px}.elementor-widget-image img{vertical-align:middle;display:inline-block}<\/style>\t\t\t\t\t\t\t\t\t<figure class=\"wp-caption\">\n\t\t\t\t\t\t\t\t\t\t<img decoding=\"async\" width=\"300\" height=\"239\" src=\"https:\/\/consultoriavazquez.com\/wp-content\/uploads\/2022\/11\/cropped-LOGOTIPO-VECTORIZADO-F1-300x239.png\" class=\"attachment-medium size-medium\" alt=\"\" loading=\"lazy\" srcset=\"https:\/\/consultoriavazquez.com\/wp-content\/uploads\/2022\/11\/cropped-LOGOTIPO-VECTORIZADO-F1-300x239.png 300w, https:\/\/consultoriavazquez.com\/wp-content\/uploads\/2022\/11\/cropped-LOGOTIPO-VECTORIZADO-F1.png 596w\" sizes=\"(max-width: 300px) 100vw, 300px\" \/>\t\t\t\t\t\t\t\t\t\t\t<figcaption class=\"widget-image-caption wp-caption-text\">CONSULTORIA VAZQUEZ Y ASOCIADOS S.A.S<\/figcaption>\n\t\t\t\t\t\t\t\t\t\t<\/figure>\n\t\t\t\t\t\t\t\t\t<\/div>\n\t\t\t\t<\/div>\n\t\t\t\t\t<\/div>\n\t\t<\/div>\n\t\t\t\t\t\t\t<\/div>\n\t\t<\/section>\n\t\t\t\t\t\t\t<\/div>\n\t\t","protected":false},"excerpt":{"rendered":"<p>AVISO DE PRIVACIDAD La empresa CONSULTORIA VAZQUEZ Y ASOCIADOS S.A.S. (En lo sucesivo, el &#8220;Despacho&#8221;), con domicilio en 39 CP. 3515, piso 5 Col. Las \u00c1nimas, CP 72400, Puebla, M\u00e9xico., en cumplimiento con la Ley Federal de Protecci\u00f3n de Personales en Posesi\u00f3n de Particulares y su Reglamento (en lo sucesivo de manera conjunta, la &#8220;Ley&#8221;), [&hellip;]<\/p>\n","protected":false},"author":1,"featured_media":0,"parent":0,"menu_order":0,"comment_status":"closed","ping_status":"closed","template":"elementor_theme","meta":{"om_disable_all_campaigns":false,"_mi_skip_tracking":false},"aioseo_notices":[],"_links":{"self":[{"href":"https:\/\/consultoriavazquez.com\/index.php\/wp-json\/wp\/v2\/pages\/139"}],"collection":[{"href":"https:\/\/consultoriavazquez.com\/index.php\/wp-json\/wp\/v2\/pages"}],"about":[{"href":"https:\/\/consultoriavazquez.com\/index.php\/wp-json\/wp\/v2\/types\/page"}],"author":[{"embeddable":true,"href":"https:\/\/consultoriavazquez.com\/index.php\/wp-json\/wp\/v2\/users\/1"}],"replies":[{"embeddable":true,"href":"https:\/\/consultoriavazquez.com\/index.php\/wp-json\/wp\/v2\/comments?post=139"}],"version-history":[{"count":6,"href":"https:\/\/consultoriavazquez.com\/index.php\/wp-json\/wp\/v2\/pages\/139\/revisions"}],"predecessor-version":[{"id":256,"href":"https:\/\/consultoriavazquez.com\/index.php\/wp-json\/wp\/v2\/pages\/139\/revisions\/256"}],"wp:attachment":[{"href":"https:\/\/consultoriavazquez.com\/index.php\/wp-json\/wp\/v2\/media?parent=139"}],"curies":[{"name":"wp","href":"https:\/\/api.w.org\/{rel}","templated":true}]}}