{"id":30,"date":"2022-11-10T01:04:07","date_gmt":"2022-11-10T01:04:07","guid":{"rendered":"http:\/\/consultoriavazquez.com\/?page_id=30"},"modified":"2022-11-29T05:34:18","modified_gmt":"2022-11-29T05:34:18","slug":"sobre-nosotros","status":"publish","type":"page","link":"https:\/\/consultoriavazquez.com\/index.php\/sobre-nosotros\/","title":{"rendered":"Sobre Nosotros"},"content":{"rendered":"\t\t<div data-elementor-type=\"wp-page\" data-elementor-id=\"30\" class=\"elementor elementor-30\">\n\t\t\t\t\t\t\t\t\t<section class=\"elementor-section elementor-top-section elementor-element elementor-element-08ef493 elementor-section-boxed elementor-section-height-default elementor-section-height-default\" data-id=\"08ef493\" data-element_type=\"section\">\n\t\t\t\t\t\t<div class=\"elementor-container elementor-column-gap-default\">\n\t\t\t\t\t<div class=\"elementor-column elementor-col-100 elementor-top-column elementor-element elementor-element-cead54c\" data-id=\"cead54c\" data-element_type=\"column\">\n\t\t\t<div class=\"elementor-widget-wrap elementor-element-populated\">\n\t\t\t\t\t\t\t\t<div class=\"elementor-element elementor-element-61af4e0 elementor-widget__width-initial elementor-absolute elementor-widget-mobile__width-initial elementor-widget-tablet__width-initial elementor-invisible elementor-widget elementor-widget-heading\" data-id=\"61af4e0\" data-element_type=\"widget\" data-settings=\"{&quot;_position&quot;:&quot;absolute&quot;,&quot;_animation&quot;:&quot;fadeIn&quot;}\" data-widget_type=\"heading.default\">\n\t\t\t\t<div class=\"elementor-widget-container\">\n\t\t\t<style>\/*! elementor - v3.8.1 - 13-11-2022 *\/\n.elementor-heading-title{padding:0;margin:0;line-height:1}.elementor-widget-heading .elementor-heading-title[class*=elementor-size-]>a{color:inherit;font-size:inherit;line-height:inherit}.elementor-widget-heading .elementor-heading-title.elementor-size-small{font-size:15px}.elementor-widget-heading .elementor-heading-title.elementor-size-medium{font-size:19px}.elementor-widget-heading .elementor-heading-title.elementor-size-large{font-size:29px}.elementor-widget-heading .elementor-heading-title.elementor-size-xl{font-size:39px}.elementor-widget-heading .elementor-heading-title.elementor-size-xxl{font-size:59px}<\/style><h2 class=\"elementor-heading-title elementor-size-small\">SOBRE  NOSOTROS<\/h2>\t\t<\/div>\n\t\t\t\t<\/div>\n\t\t\t\t\t<\/div>\n\t\t<\/div>\n\t\t\t\t\t\t\t<\/div>\n\t\t<\/section>\n\t\t\t\t<section class=\"elementor-section elementor-top-section elementor-element elementor-element-881ed62 elementor-section-boxed elementor-section-height-default elementor-section-height-default\" data-id=\"881ed62\" data-element_type=\"section\">\n\t\t\t\t\t\t<div class=\"elementor-container elementor-column-gap-default\">\n\t\t\t\t\t<div class=\"elementor-column elementor-col-100 elementor-top-column elementor-element elementor-element-a8898b2\" data-id=\"a8898b2\" data-element_type=\"column\">\n\t\t\t<div class=\"elementor-widget-wrap elementor-element-populated\">\n\t\t\t\t\t\t\t\t<div class=\"elementor-element elementor-element-8e6a9b7 elementor-widget-mobile__width-inherit elementor-widget elementor-widget-image\" data-id=\"8e6a9b7\" data-element_type=\"widget\" data-widget_type=\"image.default\">\n\t\t\t\t<div class=\"elementor-widget-container\">\n\t\t\t<style>\/*! elementor - v3.8.1 - 13-11-2022 *\/\n.elementor-widget-image{text-align:center}.elementor-widget-image a{display:inline-block}.elementor-widget-image a img[src$=\".svg\"]{width:48px}.elementor-widget-image img{vertical-align:middle;display:inline-block}<\/style>\t\t\t\t\t\t\t\t\t<figure class=\"wp-caption\">\n\t\t\t\t\t\t\t\t\t\t<img decoding=\"async\" width=\"2048\" height=\"1367\" src=\"https:\/\/consultoriavazquez.com\/wp-content\/uploads\/2022\/11\/Consultoria-Vazquez-y-Asociados-1.png\" class=\"attachment-full size-full\" alt=\"\" loading=\"lazy\" srcset=\"https:\/\/consultoriavazquez.com\/wp-content\/uploads\/2022\/11\/Consultoria-Vazquez-y-Asociados-1.png 2048w, https:\/\/consultoriavazquez.com\/wp-content\/uploads\/2022\/11\/Consultoria-Vazquez-y-Asociados-1-300x200.png 300w, https:\/\/consultoriavazquez.com\/wp-content\/uploads\/2022\/11\/Consultoria-Vazquez-y-Asociados-1-1024x684.png 1024w, https:\/\/consultoriavazquez.com\/wp-content\/uploads\/2022\/11\/Consultoria-Vazquez-y-Asociados-1-768x513.png 768w, https:\/\/consultoriavazquez.com\/wp-content\/uploads\/2022\/11\/Consultoria-Vazquez-y-Asociados-1-1536x1025.png 1536w\" sizes=\"(max-width: 2048px) 100vw, 2048px\" \/>\t\t\t\t\t\t\t\t\t\t\t<figcaption class=\"widget-image-caption wp-caption-text\"><\/figcaption>\n\t\t\t\t\t\t\t\t\t\t<\/figure>\n\t\t\t\t\t\t\t\t\t<\/div>\n\t\t\t\t<\/div>\n\t\t\t\t\t<\/div>\n\t\t<\/div>\n\t\t\t\t\t\t\t<\/div>\n\t\t<\/section>\n\t\t\t\t<section class=\"elementor-section elementor-top-section elementor-element elementor-element-8f6a8fd elementor-section-boxed elementor-section-height-default elementor-section-height-default\" data-id=\"8f6a8fd\" data-element_type=\"section\">\n\t\t\t\t\t\t<div class=\"elementor-container elementor-column-gap-default\">\n\t\t\t\t\t<div class=\"elementor-column elementor-col-100 elementor-top-column elementor-element elementor-element-14691c3\" data-id=\"14691c3\" data-element_type=\"column\">\n\t\t\t<div class=\"elementor-widget-wrap elementor-element-populated\">\n\t\t\t\t\t\t\t\t<div class=\"elementor-element elementor-element-c8697e8 elementor-widget elementor-widget-text-editor\" data-id=\"c8697e8\" data-element_type=\"widget\" data-widget_type=\"text-editor.default\">\n\t\t\t\t<div class=\"elementor-widget-container\">\n\t\t\t<style>\/*! elementor - v3.8.1 - 13-11-2022 *\/\n.elementor-widget-text-editor.elementor-drop-cap-view-stacked .elementor-drop-cap{background-color:#818a91;color:#fff}.elementor-widget-text-editor.elementor-drop-cap-view-framed .elementor-drop-cap{color:#818a91;border:3px solid;background-color:transparent}.elementor-widget-text-editor:not(.elementor-drop-cap-view-default) .elementor-drop-cap{margin-top:8px}.elementor-widget-text-editor:not(.elementor-drop-cap-view-default) .elementor-drop-cap-letter{width:1em;height:1em}.elementor-widget-text-editor .elementor-drop-cap{float:left;text-align:center;line-height:1;font-size:50px}.elementor-widget-text-editor .elementor-drop-cap-letter{display:inline-block}<\/style>\t\t\t\t<p><b>Somos una empresa con sede en la capital poblana, que tiene como visi\u00f3n lograr que las micro, peque\u00f1as, medianas y grandes empresas obtengan estabilidad contable, financiera y fiscal a trav\u00e9s de nuestros servicios de asesor\u00eda que aseguran eficiencia, calidad y especializaci\u00f3n, donde se consideran las caracter\u00edsticas y las necesidades particulares de cada uno de nuestros cliente.<\/b><\/p><p><b>Como consultor\u00eda tenemos presente la situaci\u00f3n econ\u00f3mica del entorno, tenemos experiencia para tratar con actividades en distintas \u00e1reas, la asesor\u00eda y servicios que brindamos siempre van enfocados a la misi\u00f3n de crear cadenas productivas y fortalecer de esta forma a nuestros clientes.<\/b><\/p><p><b>Nuestro despacho se rige sobre los valores de confianza, formalidad, compromiso, honestidad, integridad, responsabilidad, confidencialidad, fidelidad, recato, entre otros, que hacen que el desempe\u00f1o de las actividades de cada colaborador, la opini\u00f3n y resultados arrojados, sea de forma objetiva y con la seriedad que lo amerite.<\/b><\/p><p><b>La experiencia y el extenso conocimiento con el que contamos, brinda un mejor servicio a las necesidades de cada cliente por lo que nuestro objetivo siempre es tener una soluci\u00f3n para cada organizaci\u00f3n.<\/b><\/p>\t\t\t\t\t\t<\/div>\n\t\t\t\t<\/div>\n\t\t\t\t\t<\/div>\n\t\t<\/div>\n\t\t\t\t\t\t\t<\/div>\n\t\t<\/section>\n\t\t\t\t<section class=\"elementor-section elementor-top-section elementor-element elementor-element-793a536 elementor-section-boxed elementor-section-height-default elementor-section-height-default\" data-id=\"793a536\" data-element_type=\"section\">\n\t\t\t\t\t\t<div class=\"elementor-container elementor-column-gap-default\">\n\t\t\t\t\t<div class=\"elementor-column elementor-col-100 elementor-top-column elementor-element elementor-element-360cc0b\" data-id=\"360cc0b\" data-element_type=\"column\">\n\t\t\t<div class=\"elementor-widget-wrap elementor-element-populated\">\n\t\t\t\t\t\t\t\t<div class=\"elementor-element elementor-element-97fd55b elementor-widget elementor-widget-spacer\" data-id=\"97fd55b\" data-element_type=\"widget\" data-widget_type=\"spacer.default\">\n\t\t\t\t<div class=\"elementor-widget-container\">\n\t\t\t<style>\/*! elementor - v3.8.1 - 13-11-2022 *\/\n.elementor-column .elementor-spacer-inner{height:var(--spacer-size)}.e-con{--container-widget-width:100%}.e-con-inner>.elementor-widget-spacer,.e-con>.elementor-widget-spacer{width:var(--container-widget-width,var(--spacer-size));-ms-flex-item-align:stretch;align-self:stretch;-ms-flex-negative:0;flex-shrink:0}.e-con-inner>.elementor-widget-spacer>.elementor-widget-container,.e-con-inner>.elementor-widget-spacer>.elementor-widget-container>.elementor-spacer,.e-con>.elementor-widget-spacer>.elementor-widget-container,.e-con>.elementor-widget-spacer>.elementor-widget-container>.elementor-spacer{height:100%}.e-con-inner>.elementor-widget-spacer>.elementor-widget-container>.elementor-spacer>.elementor-spacer-inner,.e-con>.elementor-widget-spacer>.elementor-widget-container>.elementor-spacer>.elementor-spacer-inner{height:var(--container-widget-height,var(--spacer-size))}<\/style>\t\t<div class=\"elementor-spacer\">\n\t\t\t<div class=\"elementor-spacer-inner\"><\/div>\n\t\t<\/div>\n\t\t\t\t<\/div>\n\t\t\t\t<\/div>\n\t\t\t\t\t<\/div>\n\t\t<\/div>\n\t\t\t\t\t\t\t<\/div>\n\t\t<\/section>\n\t\t\t\t\t\t\t<\/div>\n\t\t","protected":false},"excerpt":{"rendered":"<p>SOBRE NOSOTROS Somos una empresa con sede en la capital poblana, que tiene como visi\u00f3n lograr que las micro, peque\u00f1as, medianas y grandes empresas obtengan estabilidad contable, financiera y fiscal a trav\u00e9s de nuestros servicios de asesor\u00eda que aseguran eficiencia, calidad y especializaci\u00f3n, donde se consideran las caracter\u00edsticas y las necesidades particulares de cada uno [&hellip;]<\/p>\n","protected":false},"author":1,"featured_media":0,"parent":0,"menu_order":0,"comment_status":"closed","ping_status":"closed","template":"elementor_theme","meta":{"om_disable_all_campaigns":false,"_mi_skip_tracking":false},"aioseo_notices":[],"_links":{"self":[{"href":"https:\/\/consultoriavazquez.com\/index.php\/wp-json\/wp\/v2\/pages\/30"}],"collection":[{"href":"https:\/\/consultoriavazquez.com\/index.php\/wp-json\/wp\/v2\/pages"}],"about":[{"href":"https:\/\/consultoriavazquez.com\/index.php\/wp-json\/wp\/v2\/types\/page"}],"author":[{"embeddable":true,"href":"https:\/\/consultoriavazquez.com\/index.php\/wp-json\/wp\/v2\/users\/1"}],"replies":[{"embeddable":true,"href":"https:\/\/consultoriavazquez.com\/index.php\/wp-json\/wp\/v2\/comments?post=30"}],"version-history":[{"count":39,"href":"https:\/\/consultoriavazquez.com\/index.php\/wp-json\/wp\/v2\/pages\/30\/revisions"}],"predecessor-version":[{"id":549,"href":"https:\/\/consultoriavazquez.com\/index.php\/wp-json\/wp\/v2\/pages\/30\/revisions\/549"}],"wp:attachment":[{"href":"https:\/\/consultoriavazquez.com\/index.php\/wp-json\/wp\/v2\/media?parent=30"}],"curies":[{"name":"wp","href":"https:\/\/api.w.org\/{rel}","templated":true}]}}